{"id":18871,"date":"2022-03-31T12:22:55","date_gmt":"2022-03-31T12:22:55","guid":{"rendered":"http:\/\/academia-nutricion.local\/?page_id=18871"},"modified":"2026-03-30T11:33:08","modified_gmt":"2026-03-30T11:33:08","slug":"equipo-y-colaboradores","status":"publish","type":"page","link":"https:\/\/www.academianutricionydietetica.org\/pro\/la-academia\/equipo-y-colaboradores\/","title":{"rendered":"Equipo y colaboradores"},"content":{"rendered":"<p>[vc_row][vc_column]<div class=\"dfd-spacer-module\"  data-units=\"px\" data-wide_resolution=\"1280\" data-wide_size=\"80\" data-normal_resolution=\"1024\" data-normal_size=\"60\" data-tablet_resolution=\"800\" data-tablet_size=\"40\" data-mobile_resolution=\"480\" data-mobile_size=\"40\" style=\"height: 80px;\"><\/div><div class=\"dfd-heading-shortcode\"><div class=\"dfd-heading-module-wrap  text-center style_01 dfd-heading-69f871e91337b dfd-disable-resposive-headings\" id=\"dfd-heading-69f871e91337b\" ><div class=\"inline-block\"><div class=\"dfd-heading-module\"><h2 class=\"widget-title dfd-title \" style=\"font-size: 30px; line-height: 48px; letter-spacing: 13px; \"><span style=\"text-transform: uppercase;\"><b>Equipo y colaboradores<\/b><\/span><\/h2><\/div><\/div><\/div><script type=\"text\/javascript\">\n\t\t\t\t\t\t\t\t\t(function($) {\n\t\t\t\t\t\t\t\t\t\t$(\"head\").append(\"<style>.dfd-heading-69f871e91337b.dfd-heading-module-wrap .dfd-heading-module .dfd-heading-delimiter {margin-top:10px;margin-bottom:10px;}<\/style>\");\n\t\t\t\t\t\t\t\t\t})(jQuery);\n\t\t\t\t\t\t\t\t<\/script><\/div><div class=\"dfd-spacer-module\"  data-units=\"px\" data-wide_resolution=\"1280\" data-wide_size=\"15\" data-normal_resolution=\"1024\" data-normal_size=\"15\" data-tablet_resolution=\"800\" data-tablet_size=\"15\" data-mobile_resolution=\"480\" data-mobile_size=\"15\" style=\"height: 15px;\"><\/div>[vc_column_text]<\/p>\n<p style=\"text-align: center;\"><em><span class=\"font-family-serif\" style=\"font-weight: 400; font-size: 18px;\">La Academia Espa\u00f1ola de Nutrici\u00f3n y Diet\u00e9tica cuenta con un equipo de profesionales con una destacada trayectoria en uno de los siguientes \u00e1mbitos: acad\u00e9mico, cient\u00edfico y\/o profesional. Desarrollan trabajos espec\u00edficos y tareas de administraci\u00f3n diaria con el fin de dar cumplimiento a los fines y objetivos de la Academia.<\/span><\/em><\/p>\n<p>El equipo humano est\u00e1 formado por:[\/vc_column_text]<div class=\"dfd-spacer-module\"  data-units=\"px\" data-wide_resolution=\"1280\" data-wide_size=\"15\" data-normal_resolution=\"1024\" data-normal_size=\"15\" data-tablet_resolution=\"800\" data-tablet_size=\"15\" data-mobile_resolution=\"480\" data-mobile_size=\"15\" style=\"height: 15px;\"><\/div>[vc_row_inner][vc_column_inner width=\u00bb1\/3&#8243;]<div class=\"dfd-team-member layout-01 \" ><div class=\"image-wrap\"><img decoding=\"async\" src=\"https:\/\/www.academianutricionydietetica.org\/pro\/uploads\/2022\/08\/DSC_4293amparo-150x150.jpg\" alt=\"Image\"  class=\"team-member-photo \" style=\"border-radius:200px\" \/><a class=\"image-custom-link both-title-and-image\" href=\"https:\/\/www.academianutricionydietetica.org\/pro\/la-academia\/organos-de-gobierno\/amparo-bayarri-mayo\/\" title=\"Amparo Bayarri Mayo\" ><\/a><\/div><div class=\"content-wrap\"><div class=\"title-wrap\"><div class=\"team-member-title feature-title\" style=\"\"><a href=\"https:\/\/www.academianutricionydietetica.org\/pro\/la-academia\/organos-de-gobierno\/amparo-bayarri-mayo\/\" title=\"Amparo Bayarri Mayo\" >Amparo Bayarri Mayo<\/a><\/div><\/div><div class=\"team-member-description\" style=\"\"><\/div><\/div><\/div><div class=\"dfd-spacer-module\"  data-units=\"px\" data-wide_resolution=\"1280\" data-wide_size=\"15\" data-normal_resolution=\"1024\" data-normal_size=\"15\" data-tablet_resolution=\"800\" data-tablet_size=\"15\" data-mobile_resolution=\"480\" data-mobile_size=\"15\" style=\"height: 15px;\"><\/div>[\/vc_column_inner][vc_column_inner width=\u00bb1\/3&#8243;]<div class=\"dfd-team-member layout-01 \" ><div class=\"image-wrap\"><img decoding=\"async\" src=\"https:\/\/www.academianutricionydietetica.org\/pro\/uploads\/2025\/05\/foto_EDU_2022-1024x766-150x150.jpeg\" alt=\"Image\"  class=\"team-member-photo \" style=\"border-radius:200px\" \/><a class=\"image-custom-link both-title-and-image\" href=\"https:\/\/www.academianutricionydietetica.org\/pro\/la-academia\/equipo-y-colaboradores\/eduard-baladia\/\" title=\"Eduard Baladia\" ><\/a><\/div><div class=\"content-wrap\"><div class=\"title-wrap\"><div class=\"team-member-title feature-title\" style=\"\"><a href=\"https:\/\/www.academianutricionydietetica.org\/pro\/la-academia\/equipo-y-colaboradores\/eduard-baladia\/\" title=\"Eduard Baladia\" >Eduard Baladia Rodr\u00edguez<\/a><\/div><\/div><div class=\"team-member-description\" style=\"\"><\/div><\/div><\/div><div class=\"dfd-spacer-module\"  data-units=\"px\" data-wide_resolution=\"1280\" data-wide_size=\"15\" data-normal_resolution=\"1024\" data-normal_size=\"15\" data-tablet_resolution=\"800\" data-tablet_size=\"15\" data-mobile_resolution=\"480\" data-mobile_size=\"15\" style=\"height: 15px;\"><\/div>[\/vc_column_inner][vc_column_inner width=\u00bb1\/3&#8243;]<div class=\"dfd-team-member layout-01 \" ><div class=\"image-wrap\"><img decoding=\"async\" src=\"https:\/\/www.academianutricionydietetica.org\/pro\/uploads\/2026\/03\/Macarena_Foto-perfi-977x1024-150x150.jpg\" alt=\"Image\"  class=\"team-member-photo \" style=\"border-radius:200px\" \/><a class=\"image-custom-link both-title-and-image\" href=\"https:\/\/www.academianutricionydietetica.org\/pro\/la-academia\/equipo-y-colaboradores\/macarena-lozano\" title=\"Macarena Lozano\" ><\/a><\/div><div class=\"content-wrap\"><div class=\"title-wrap\"><div class=\"team-member-title feature-title\" style=\"\"><a href=\"https:\/\/www.academianutricionydietetica.org\/pro\/la-academia\/equipo-y-colaboradores\/macarena-lozano\" title=\"Macarena Lozano\" >Macarena Lozano<\/a><\/div><\/div><div class=\"team-member-description\" style=\"\"><\/div><\/div><\/div><div class=\"dfd-spacer-module\"  data-units=\"px\" data-wide_resolution=\"1280\" data-wide_size=\"15\" data-normal_resolution=\"1024\" data-normal_size=\"15\" data-tablet_resolution=\"800\" data-tablet_size=\"15\" data-mobile_resolution=\"480\" data-mobile_size=\"15\" style=\"height: 15px;\"><\/div>[\/vc_column_inner][\/vc_row_inner][vc_row_inner][vc_column_inner width=\u00bb1\/3&#8243;]<div class=\"dfd-team-member layout-01 \" ><div class=\"image-wrap\"><img decoding=\"async\" src=\"https:\/\/www.academianutricionydietetica.org\/pro\/uploads\/2025\/04\/05252024ICDA_OPENINGCEREMONIES_41-1024x683-150x150.jpg\" alt=\"Image\"  class=\"team-member-photo \" style=\"border-radius:200px\" \/><a class=\"image-custom-link both-title-and-image\" href=\"https:\/\/www.academianutricionydietetica.org\/pro\/la-academia\/organos-de-gobierno\/giuseppe-rusolillo-femenias\/\" title=\"Giuseppe Rusolillo Femen\u00edas\" ><\/a><\/div><div class=\"content-wrap\"><div class=\"title-wrap\"><div class=\"team-member-title feature-title\" style=\"\"><a href=\"https:\/\/www.academianutricionydietetica.org\/pro\/la-academia\/organos-de-gobierno\/giuseppe-rusolillo-femenias\/\" title=\"Giuseppe Rusolillo Femen\u00edas\" >Giuseppe Russolillo Femen\u00edas<\/a><\/div><\/div><div class=\"team-member-description\" style=\"\"><\/div><\/div><\/div><div class=\"dfd-spacer-module\"  data-units=\"px\" data-wide_resolution=\"1280\" data-wide_size=\"15\" data-normal_resolution=\"1024\" data-normal_size=\"15\" data-tablet_resolution=\"800\" data-tablet_size=\"15\" data-mobile_resolution=\"480\" data-mobile_size=\"15\" style=\"height: 15px;\"><\/div>[\/vc_column_inner][vc_column_inner width=\u00bb1\/3&#8243;]<div class=\"dfd-team-member layout-01 \" ><div class=\"image-wrap\"><img decoding=\"async\" src=\"https:\/\/www.academianutricionydietetica.org\/pro\/uploads\/2022\/08\/manuel-150x150.jpg\" alt=\"Image\"  class=\"team-member-photo \" style=\"border-radius:200px\" \/><a class=\"image-custom-link both-title-and-image\" href=\"https:\/\/www.academianutricionydietetica.org\/pro\/la-academia\/organos-de-gobierno\/manuel-monino-gomez\/\" title=\"Manuel Mo\u00f1ino G\u00f3mez\" ><\/a><\/div><div class=\"content-wrap\"><div class=\"title-wrap\"><div class=\"team-member-title feature-title\" style=\"\"><a href=\"https:\/\/www.academianutricionydietetica.org\/pro\/la-academia\/organos-de-gobierno\/manuel-monino-gomez\/\" title=\"Manuel Mo\u00f1ino G\u00f3mez\" >Manuel Mo\u00f1ino G\u00f3mez<\/a><\/div><\/div><div class=\"team-member-description\" style=\"\"><\/div><\/div><\/div><div class=\"dfd-spacer-module\"  data-units=\"px\" data-wide_resolution=\"1280\" data-wide_size=\"15\" data-normal_resolution=\"1024\" data-normal_size=\"15\" data-tablet_resolution=\"800\" data-tablet_size=\"15\" data-mobile_resolution=\"480\" data-mobile_size=\"15\" style=\"height: 15px;\"><\/div>[\/vc_column_inner][vc_column_inner width=\u00bb1\/3&#8243;]<div class=\"dfd-team-member layout-01 \" ><div class=\"image-wrap\"><img decoding=\"async\" src=\"https:\/\/www.academianutricionydietetica.org\/pro\/uploads\/2019\/06\/55-150x150.jpg\" alt=\"Image\"  class=\"team-member-photo \" style=\"border-radius:200px\" \/><a class=\"image-custom-link both-title-and-image\" href=\"https:\/\/www.academianutricionydietetica.org\/pro\/la-academia\/organos-de-gobierno\/ma-jose-ibanez-rozas\/\" title=\"M\u00aa Jos\u00e9 Iba\u00f1ez Rozas\" ><\/a><\/div><div class=\"content-wrap\"><div class=\"title-wrap\"><div class=\"team-member-title feature-title\" style=\"\"><a href=\"https:\/\/www.academianutricionydietetica.org\/pro\/la-academia\/organos-de-gobierno\/ma-jose-ibanez-rozas\/\" title=\"M\u00aa Jos\u00e9 Iba\u00f1ez Rozas\" >Mar\u00eda Jos\u00e9 Ib\u00e1\u00f1ez Rozas<\/a><\/div><\/div><div class=\"team-member-description\" style=\"\"><\/div><\/div><\/div><div class=\"dfd-spacer-module\"  data-units=\"px\" data-wide_resolution=\"1280\" data-wide_size=\"15\" data-normal_resolution=\"1024\" data-normal_size=\"15\" data-tablet_resolution=\"800\" data-tablet_size=\"15\" data-mobile_resolution=\"480\" data-mobile_size=\"15\" style=\"height: 15px;\"><\/div>[\/vc_column_inner][\/vc_row_inner][vc_row_inner][vc_column_inner width=\u00bb1\/3&#8243;]<div class=\"dfd-team-member layout-01 max-width-150\" ><div class=\"image-wrap\"><img decoding=\"async\" src=\"https:\/\/www.academianutricionydietetica.org\/pro\/uploads\/2022\/09\/foto-perfil-martina-miserachs-300x300.jpg\" alt=\"Image\"  class=\"team-member-photo \" style=\"border-radius:200px\" \/><a class=\"image-custom-link both-title-and-image\" href=\"https:\/\/www.academianutricionydietetica.org\/pro\/la-academia\/organos-de-gobierno\/martina-miserachs-blasco\/\" title=\"Martina Miserachs Blasco\" ><\/a><\/div><div class=\"content-wrap\"><div class=\"title-wrap\"><div class=\"team-member-title feature-title\" style=\"\"><a href=\"https:\/\/www.academianutricionydietetica.org\/pro\/la-academia\/organos-de-gobierno\/martina-miserachs-blasco\/\" title=\"Martina Miserachs Blasco\" >Martina Miserachs<\/a><\/div><\/div><div class=\"team-member-description\" style=\"\"><\/div><\/div><\/div><div class=\"dfd-spacer-module\"  data-units=\"px\" data-wide_resolution=\"1280\" data-wide_size=\"15\" data-normal_resolution=\"1024\" data-normal_size=\"15\" data-tablet_resolution=\"800\" data-tablet_size=\"15\" data-mobile_resolution=\"480\" data-mobile_size=\"15\" style=\"height: 15px;\"><\/div>[\/vc_column_inner][vc_column_inner width=\u00bb1\/3&#8243;]<div class=\"dfd-team-member layout-01 \" ><div class=\"image-wrap\"><img decoding=\"async\" src=\"https:\/\/www.academianutricionydietetica.org\/pro\/uploads\/2022\/08\/INGOR-150x150.jpg\" alt=\"Image\"  class=\"team-member-photo \" style=\"border-radius:200px\" \/><a class=\"image-custom-link both-title-and-image\" href=\"https:\/\/www.academianutricionydietetica.org\/pro\/la-academia\/equipo-y-colaboradores\/ingortze-zubieta-aurteneche\/\" title=\"Ingortze Zubieta Aurteneche\" ><\/a><\/div><div class=\"content-wrap\"><div class=\"title-wrap\"><div class=\"team-member-title feature-title\" style=\"\"><a href=\"https:\/\/www.academianutricionydietetica.org\/pro\/la-academia\/equipo-y-colaboradores\/ingortze-zubieta-aurteneche\/\" title=\"Ingortze Zubieta Aurteneche\" >Ingortze Zubieta Aurteneche<\/a><\/div><\/div><div class=\"team-member-description\" style=\"\"><\/div><\/div><\/div><div class=\"dfd-spacer-module\"  data-units=\"px\" data-wide_resolution=\"1280\" data-wide_size=\"15\" data-normal_resolution=\"1024\" data-normal_size=\"15\" data-tablet_resolution=\"800\" data-tablet_size=\"15\" data-mobile_resolution=\"480\" data-mobile_size=\"15\" style=\"height: 15px;\"><\/div>[\/vc_column_inner][vc_column_inner width=\u00bb1\/3&#8243;]<div class=\"dfd-team-member layout-01 \" ><div class=\"image-wrap\"><img decoding=\"async\" src=\"https:\/\/www.academianutricionydietetica.org\/pro\/uploads\/2022\/09\/Paula-Serrano-1024x1016-150x150.jpg\" alt=\"Image\"  class=\"team-member-photo \" style=\"border-radius:200px\" \/><a class=\"image-custom-link both-title-and-image\" href=\"https:\/\/www.academianutricionydietetica.org\/pro\/la-academia\/equipo-y-colaboradores\/paula-serrano\/\" title=\"Paula Serrano\" ><\/a><\/div><div class=\"content-wrap\"><div class=\"title-wrap\"><div class=\"team-member-title feature-title\" style=\"\"><a href=\"https:\/\/www.academianutricionydietetica.org\/pro\/la-academia\/equipo-y-colaboradores\/paula-serrano\/\" title=\"Paula Serrano\" >Paula Serrano<\/a><\/div><\/div><div class=\"team-member-description\" style=\"\"><\/div><\/div><\/div><div class=\"dfd-spacer-module\"  data-units=\"px\" data-wide_resolution=\"1280\" data-wide_size=\"15\" data-normal_resolution=\"1024\" data-normal_size=\"15\" data-tablet_resolution=\"800\" data-tablet_size=\"15\" data-mobile_resolution=\"480\" data-mobile_size=\"15\" style=\"height: 15px;\"><\/div>[\/vc_column_inner][\/vc_row_inner][\/vc_column][\/vc_row][vc_row][vc_column]<div class=\"dfd-spacer-module\"  data-units=\"px\" data-wide_resolution=\"1280\" data-wide_size=\"80\" data-normal_resolution=\"1024\" data-normal_size=\"60\" data-tablet_resolution=\"800\" data-tablet_size=\"40\" data-mobile_resolution=\"480\" data-mobile_size=\"40\" style=\"height: 80px;\"><\/div>[\/vc_column][\/vc_row]<\/p>\n","protected":false},"excerpt":{"rendered":"<p>[vc_row][vc_column][vc_column_text] La Academia Espa\u00f1ola de Nutrici\u00f3n y Diet\u00e9tica cuenta con un equipo de profesionales con una destacada trayectoria en uno de los siguientes \u00e1mbitos: acad\u00e9mico, cient\u00edfico y\/o profesional. Desarrollan trabajos<\/p>\n","protected":false},"author":4,"featured_media":0,"parent":18113,"menu_order":0,"comment_status":"closed","ping_status":"closed","template":"page-custom-with-header.php","meta":{"_acf_changed":false,"_monsterinsights_skip_tracking":false,"_monsterinsights_sitenote_active":false,"_monsterinsights_sitenote_note":"","_monsterinsights_sitenote_category":0,"footnotes":""},"class_list":["post-18871","page","type-page","status-publish","hentry"],"acf":[],"yoast_head":"<!-- This site is optimized with the Yoast SEO plugin v26.7 - https:\/\/yoast.com\/wordpress\/plugins\/seo\/ -->\n<title>Equipo y colaboradores - Academia Espa\u00f1ola de Nutrici\u00f3n y Diet\u00e9tica<\/title>\n<meta name=\"robots\" content=\"index, follow, max-snippet:-1, max-image-preview:large, max-video-preview:-1\" \/>\n<link rel=\"canonical\" href=\"https:\/\/www.academianutricionydietetica.org\/pro\/la-academia\/equipo-y-colaboradores\/\" \/>\n<meta property=\"og:locale\" content=\"es_ES\" \/>\n<meta property=\"og:type\" content=\"article\" \/>\n<meta property=\"og:title\" content=\"Equipo y colaboradores - Academia Espa\u00f1ola de Nutrici\u00f3n y Diet\u00e9tica\" \/>\n<meta property=\"og:description\" content=\"[vc_row][vc_column][vc_column_text] La Academia Espa\u00f1ola de Nutrici\u00f3n y Diet\u00e9tica cuenta con un equipo de profesionales con una destacada trayectoria en uno de los siguientes \u00e1mbitos: acad\u00e9mico, cient\u00edfico y\/o profesional. Desarrollan trabajos\" \/>\n<meta property=\"og:url\" content=\"https:\/\/www.academianutricionydietetica.org\/pro\/la-academia\/equipo-y-colaboradores\/\" \/>\n<meta property=\"og:site_name\" content=\"Academia Espa\u00f1ola de Nutrici\u00f3n y Diet\u00e9tica\" \/>\n<meta property=\"article:modified_time\" content=\"2026-03-30T11:33:08+00:00\" \/>\n<meta name=\"twitter:card\" content=\"summary_large_image\" \/>\n<meta name=\"twitter:label1\" content=\"Tiempo de lectura\" \/>\n\t<meta name=\"twitter:data1\" content=\"2 minutos\" \/>\n<script type=\"application\/ld+json\" class=\"yoast-schema-graph\">{\"@context\":\"https:\/\/schema.org\",\"@graph\":[{\"@type\":\"WebPage\",\"@id\":\"https:\/\/www.academianutricionydietetica.org\/pro\/la-academia\/equipo-y-colaboradores\/\",\"url\":\"https:\/\/www.academianutricionydietetica.org\/pro\/la-academia\/equipo-y-colaboradores\/\",\"name\":\"Equipo y colaboradores - Academia Espa\u00f1ola de Nutrici\u00f3n y Diet\u00e9tica\",\"isPartOf\":{\"@id\":\"https:\/\/www.academianutricionydietetica.org\/pro\/#website\"},\"datePublished\":\"2022-03-31T12:22:55+00:00\",\"dateModified\":\"2026-03-30T11:33:08+00:00\",\"breadcrumb\":{\"@id\":\"https:\/\/www.academianutricionydietetica.org\/pro\/la-academia\/equipo-y-colaboradores\/#breadcrumb\"},\"inLanguage\":\"es\",\"potentialAction\":[{\"@type\":\"ReadAction\",\"target\":[\"https:\/\/www.academianutricionydietetica.org\/pro\/la-academia\/equipo-y-colaboradores\/\"]}]},{\"@type\":\"BreadcrumbList\",\"@id\":\"https:\/\/www.academianutricionydietetica.org\/pro\/la-academia\/equipo-y-colaboradores\/#breadcrumb\",\"itemListElement\":[{\"@type\":\"ListItem\",\"position\":1,\"name\":\"Inicio\",\"item\":\"https:\/\/www.academianutricionydietetica.org\/pro\/\"},{\"@type\":\"ListItem\",\"position\":2,\"name\":\"La academia\",\"item\":\"https:\/\/www.academianutricionydietetica.org\/pro\/la-academia\/\"},{\"@type\":\"ListItem\",\"position\":3,\"name\":\"Equipo y colaboradores\"}]},{\"@type\":\"WebSite\",\"@id\":\"https:\/\/www.academianutricionydietetica.org\/pro\/#website\",\"url\":\"https:\/\/www.academianutricionydietetica.org\/pro\/\",\"name\":\"Academia Espa\u00f1ola de Nutrici\u00f3n y Diet\u00e9tica\",\"description\":\"Formaci\u00f3n, noticias, jornadas y eventos\",\"potentialAction\":[{\"@type\":\"SearchAction\",\"target\":{\"@type\":\"EntryPoint\",\"urlTemplate\":\"https:\/\/www.academianutricionydietetica.org\/pro\/?s={search_term_string}\"},\"query-input\":{\"@type\":\"PropertyValueSpecification\",\"valueRequired\":true,\"valueName\":\"search_term_string\"}}],\"inLanguage\":\"es\"}]}<\/script>\n<!-- \/ Yoast SEO plugin. -->","yoast_head_json":{"title":"Equipo y colaboradores - Academia Espa\u00f1ola de Nutrici\u00f3n y Diet\u00e9tica","robots":{"index":"index","follow":"follow","max-snippet":"max-snippet:-1","max-image-preview":"max-image-preview:large","max-video-preview":"max-video-preview:-1"},"canonical":"https:\/\/www.academianutricionydietetica.org\/pro\/la-academia\/equipo-y-colaboradores\/","og_locale":"es_ES","og_type":"article","og_title":"Equipo y colaboradores - Academia Espa\u00f1ola de Nutrici\u00f3n y Diet\u00e9tica","og_description":"[vc_row][vc_column][vc_column_text] La Academia Espa\u00f1ola de Nutrici\u00f3n y Diet\u00e9tica cuenta con un equipo de profesionales con una destacada trayectoria en uno de los siguientes \u00e1mbitos: acad\u00e9mico, cient\u00edfico y\/o profesional. Desarrollan trabajos","og_url":"https:\/\/www.academianutricionydietetica.org\/pro\/la-academia\/equipo-y-colaboradores\/","og_site_name":"Academia Espa\u00f1ola de Nutrici\u00f3n y Diet\u00e9tica","article_modified_time":"2026-03-30T11:33:08+00:00","twitter_card":"summary_large_image","twitter_misc":{"Tiempo de lectura":"2 minutos"},"schema":{"@context":"https:\/\/schema.org","@graph":[{"@type":"WebPage","@id":"https:\/\/www.academianutricionydietetica.org\/pro\/la-academia\/equipo-y-colaboradores\/","url":"https:\/\/www.academianutricionydietetica.org\/pro\/la-academia\/equipo-y-colaboradores\/","name":"Equipo y colaboradores - Academia Espa\u00f1ola de Nutrici\u00f3n y Diet\u00e9tica","isPartOf":{"@id":"https:\/\/www.academianutricionydietetica.org\/pro\/#website"},"datePublished":"2022-03-31T12:22:55+00:00","dateModified":"2026-03-30T11:33:08+00:00","breadcrumb":{"@id":"https:\/\/www.academianutricionydietetica.org\/pro\/la-academia\/equipo-y-colaboradores\/#breadcrumb"},"inLanguage":"es","potentialAction":[{"@type":"ReadAction","target":["https:\/\/www.academianutricionydietetica.org\/pro\/la-academia\/equipo-y-colaboradores\/"]}]},{"@type":"BreadcrumbList","@id":"https:\/\/www.academianutricionydietetica.org\/pro\/la-academia\/equipo-y-colaboradores\/#breadcrumb","itemListElement":[{"@type":"ListItem","position":1,"name":"Inicio","item":"https:\/\/www.academianutricionydietetica.org\/pro\/"},{"@type":"ListItem","position":2,"name":"La academia","item":"https:\/\/www.academianutricionydietetica.org\/pro\/la-academia\/"},{"@type":"ListItem","position":3,"name":"Equipo y colaboradores"}]},{"@type":"WebSite","@id":"https:\/\/www.academianutricionydietetica.org\/pro\/#website","url":"https:\/\/www.academianutricionydietetica.org\/pro\/","name":"Academia Espa\u00f1ola de Nutrici\u00f3n y Diet\u00e9tica","description":"Formaci\u00f3n, noticias, jornadas y eventos","potentialAction":[{"@type":"SearchAction","target":{"@type":"EntryPoint","urlTemplate":"https:\/\/www.academianutricionydietetica.org\/pro\/?s={search_term_string}"},"query-input":{"@type":"PropertyValueSpecification","valueRequired":true,"valueName":"search_term_string"}}],"inLanguage":"es"}]}},"_links":{"self":[{"href":"https:\/\/www.academianutricionydietetica.org\/pro\/wp-json\/wp\/v2\/pages\/18871","targetHints":{"allow":["GET"]}}],"collection":[{"href":"https:\/\/www.academianutricionydietetica.org\/pro\/wp-json\/wp\/v2\/pages"}],"about":[{"href":"https:\/\/www.academianutricionydietetica.org\/pro\/wp-json\/wp\/v2\/types\/page"}],"author":[{"embeddable":true,"href":"https:\/\/www.academianutricionydietetica.org\/pro\/wp-json\/wp\/v2\/users\/4"}],"replies":[{"embeddable":true,"href":"https:\/\/www.academianutricionydietetica.org\/pro\/wp-json\/wp\/v2\/comments?post=18871"}],"version-history":[{"count":34,"href":"https:\/\/www.academianutricionydietetica.org\/pro\/wp-json\/wp\/v2\/pages\/18871\/revisions"}],"predecessor-version":[{"id":24649,"href":"https:\/\/www.academianutricionydietetica.org\/pro\/wp-json\/wp\/v2\/pages\/18871\/revisions\/24649"}],"up":[{"embeddable":true,"href":"https:\/\/www.academianutricionydietetica.org\/pro\/wp-json\/wp\/v2\/pages\/18113"}],"wp:attachment":[{"href":"https:\/\/www.academianutricionydietetica.org\/pro\/wp-json\/wp\/v2\/media?parent=18871"}],"curies":[{"name":"wp","href":"https:\/\/api.w.org\/{rel}","templated":true}]}}