{"id":21877,"date":"2023-11-21T15:40:17","date_gmt":"2023-11-21T15:40:17","guid":{"rendered":"https:\/\/www.academianutricionydietetica.org\/pro\/?page_id=21877"},"modified":"2023-11-21T15:40:17","modified_gmt":"2023-11-21T15:40:17","slug":"marta-cuervo-zapatel","status":"publish","type":"page","link":"https:\/\/www.academianutricionydietetica.org\/pro\/la-academia\/organos-de-gobierno\/marta-cuervo-zapatel\/","title":{"rendered":"Marta Cuervo Zapatel"},"content":{"rendered":"<p>[vc_row dfd_row_responsive_enable=\u00bbdfd-row-responsive-enable\u00bb responsive_styles=\u00bbpadding_left_mobile:20|padding_right_mobile:20&#8243;][vc_column]<div class=\"dfd-spacer-module\"  data-units=\"px\" data-wide_resolution=\"1280\" data-wide_size=\"80\" data-normal_resolution=\"1024\" data-normal_size=\"60\" data-tablet_resolution=\"800\" data-tablet_size=\"40\" data-mobile_resolution=\"480\" data-mobile_size=\"40\" style=\"height: 80px;\"><\/div><div class=\"dfd-info-banner style-05 responsive-team-members text-center\" ><div class=\"image-cover \"><img loading=\"lazy\" decoding=\"async\" src=\"https:\/\/www.academianutricionydietetica.org\/pro\/uploads\/2023\/11\/Marta-Cuervo-150x150.jpg\" alt=\"Image\"  width=\"150\" height=\"150\" class=\"info-banner-image \" \/><\/div><div class=\"content-wrap\"><h2 class=\"info-box-title \" style=\"font-size: 22px; line-height: 26.4px; letter-spacing: 1px; \">Marta Cuervo Zapatel<\/h2><h3 class=\"info-box-subtitle widget-sub-title \" style=\"\">Acad\u00e9micos de n\u00famero<\/h3><div class=\"wrap-delimiter\"><div class=\"delimiter\" ><\/div><\/div><div class=\"description\" style=\"\">En julio de 1995 termin\u00e9 la Diplomatura Alimentaci\u00f3n Humana y Diet\u00e9tica, entonces<br \/>\nT\u00edtulo Propio de la Universidad de Navarra (UN). Ese mismo mes me incorpor\u00e9 como<br \/>\nDietista al Hospital de Gald\u00e1cano (Vizcaya), contratada por la empresa Sodexho, hasta<br \/>\ndiciembre de 1997. En enero de 1998 me incorpor\u00e9 a la UN, con labores docentes en<br \/>\npr\u00e1cticas de Nutrici\u00f3n, as\u00ed como en los cursos de formaci\u00f3n continuada a distancia en<br \/>\nNutrici\u00f3n y Salud. En 1999 realic\u00e9 y super\u00e9 las pruebas para la obtenci\u00f3n del T\u00edtulo<br \/>\nOficial.<br \/>\nCompatibilizando mi trabajo en la Universidad realic\u00e9 la Licenciatura Ciencia y<br \/>\nTecnolog\u00eda de los Alimentos (2004) y posteriormente la tesis Doctoral (2008).<br \/>\nEn agosto de 2008 realic\u00e9 una estancia postdoctoral en la Universidad de Plymouth<br \/>\n(U.K.) y despu\u00e9s me incorpor\u00e9 a la red europea DIETS hasta que termin\u00f3.<br \/>\nDentro del Grado, he impartido docencia en Farmacia, Enfermer\u00eda y Medicina, y<br \/>\nactualmente lo hago en Nutrici\u00f3n Humana y Diet\u00e9tica (NHD), en las \u00e1reas de Nutrici\u00f3n<br \/>\nCl\u00ednica y Dietoterapia. Asimismo, dirijo Trabajos Fin de Grado (40 hasta la fecha),<br \/>\nTrabajos Fin de M\u00e1ster (13 hasta la fecha) y he asesorado acad\u00e9micamente a m\u00e1s de<br \/>\n60 alumnos. He sido 15 a\u00f1os coordinadora de Curso del Grado en NHD.<br \/>\nDentro del Postgrado imparto docencia en el Master Europeo de Nutrici\u00f3n y<br \/>\nMetabolismo (E-MENU), siendo responsable de 2 asignaturas. Tambi\u00e9n dirijo proyectos<br \/>\nfin de Master. He dirigido 3 tesis doctorales m\u00e1s 1 en curso.<br \/>\nHe publicado 67 art\u00edculos cient\u00edficos de los cuales 55 tienen factor de impacto y 23 se<br \/>\nsit\u00faan en el cuartil 1. Soy co-editora de 5 libros y autora\/co-autora de 27 cap\u00edtulos de<br \/>\nlibro. Cuento con 2 sexenios de investigaci\u00f3n. Soy miembro del Consejo Editorial y<br \/>\nrevisora de la Revista Espa\u00f1ola de Nutrici\u00f3n Humana y Diet\u00e9tica (RENHDIET), revisora<br \/>\nde varias revistas. Cuento con 1 patente europea.<br \/>\nDesde 2003 hasta 2014, he formado parte de la Junta Directiva del Instituto de Ciencias<br \/>\nde la Alimentaci\u00f3n de la UN. Desde 2014, formo parte del Centro de Investigaci\u00f3n en<br \/>\nNutrici\u00f3n, de la UN y del Instituto de Investigaci\u00f3n Sanitaria de Navarra (IDISNA), as\u00ed<br \/>\ncomo del grupo de investigaci\u00f3n \u00abNutrici\u00f3n personalizada y s\u00edndrome metab\u00f3lico\u00bb de la<br \/>\nUN. Desde Septiembre de 2021 soy la Secretaria Acad\u00e9mica del Dpto. de Ciencias de<br \/>\nla Alimentaci\u00f3n y Fisiolog\u00eda de la UN.<br \/>\nPor \u00faltimo, desde septiembre de 2016 hasta agosto de 2019, trabaj\u00e9 como dietista<br \/>\ncl\u00ednica 1 d\u00eda\/semana en la Unidad de Chequeos, de la Cl\u00ednica UN.<\/div><\/div><\/div><div class=\"dfd-spacer-module\"  data-units=\"px\" data-wide_resolution=\"1280\" data-wide_size=\"80\" data-normal_resolution=\"1024\" data-normal_size=\"60\" data-tablet_resolution=\"800\" data-tablet_size=\"40\" data-mobile_resolution=\"480\" data-mobile_size=\"40\" style=\"height: 80px;\"><\/div>[\/vc_column][\/vc_row]<\/p>\n","protected":false},"excerpt":{"rendered":"<p>[vc_row dfd_row_responsive_enable=\u00bbdfd-row-responsive-enable\u00bb responsive_styles=\u00bbpadding_left_mobile:20|padding_right_mobile:20&#8243;][vc_column][\/vc_column][\/vc_row]<\/p>\n","protected":false},"author":4,"featured_media":0,"parent":16188,"menu_order":0,"comment_status":"closed","ping_status":"closed","template":"page-custom-with-header.php","meta":{"_acf_changed":false,"_monsterinsights_skip_tracking":false,"_monsterinsights_sitenote_active":false,"_monsterinsights_sitenote_note":"","_monsterinsights_sitenote_category":0,"footnotes":""},"class_list":["post-21877","page","type-page","status-publish","hentry"],"acf":[],"yoast_head":"<!-- This site is optimized with the Yoast SEO plugin v26.7 - https:\/\/yoast.com\/wordpress\/plugins\/seo\/ -->\n<title>Marta Cuervo Zapatel - Academia Espa\u00f1ola de Nutrici\u00f3n y Diet\u00e9tica<\/title>\n<meta name=\"robots\" content=\"index, follow, max-snippet:-1, max-image-preview:large, max-video-preview:-1\" \/>\n<link rel=\"canonical\" href=\"https:\/\/www.academianutricionydietetica.org\/pro\/la-academia\/organos-de-gobierno\/marta-cuervo-zapatel\/\" \/>\n<meta property=\"og:locale\" content=\"es_ES\" \/>\n<meta property=\"og:type\" content=\"article\" \/>\n<meta property=\"og:title\" content=\"Marta Cuervo Zapatel - Academia Espa\u00f1ola de Nutrici\u00f3n y Diet\u00e9tica\" \/>\n<meta property=\"og:description\" content=\"[vc_row dfd_row_responsive_enable=\u00bbdfd-row-responsive-enable\u00bb responsive_styles=\u00bbpadding_left_mobile:20|padding_right_mobile:20&#8243;][vc_column][\/vc_column][\/vc_row]\" \/>\n<meta property=\"og:url\" content=\"https:\/\/www.academianutricionydietetica.org\/pro\/la-academia\/organos-de-gobierno\/marta-cuervo-zapatel\/\" \/>\n<meta property=\"og:site_name\" content=\"Academia Espa\u00f1ola de Nutrici\u00f3n y Diet\u00e9tica\" \/>\n<meta name=\"twitter:card\" content=\"summary_large_image\" \/>\n<meta name=\"twitter:label1\" content=\"Tiempo de lectura\" \/>\n\t<meta name=\"twitter:data1\" content=\"2 minutos\" \/>\n<script type=\"application\/ld+json\" class=\"yoast-schema-graph\">{\"@context\":\"https:\/\/schema.org\",\"@graph\":[{\"@type\":\"WebPage\",\"@id\":\"https:\/\/www.academianutricionydietetica.org\/pro\/la-academia\/organos-de-gobierno\/marta-cuervo-zapatel\/\",\"url\":\"https:\/\/www.academianutricionydietetica.org\/pro\/la-academia\/organos-de-gobierno\/marta-cuervo-zapatel\/\",\"name\":\"Marta Cuervo Zapatel - Academia Espa\u00f1ola de Nutrici\u00f3n y Diet\u00e9tica\",\"isPartOf\":{\"@id\":\"https:\/\/www.academianutricionydietetica.org\/pro\/#website\"},\"datePublished\":\"2023-11-21T15:40:17+00:00\",\"breadcrumb\":{\"@id\":\"https:\/\/www.academianutricionydietetica.org\/pro\/la-academia\/organos-de-gobierno\/marta-cuervo-zapatel\/#breadcrumb\"},\"inLanguage\":\"es\",\"potentialAction\":[{\"@type\":\"ReadAction\",\"target\":[\"https:\/\/www.academianutricionydietetica.org\/pro\/la-academia\/organos-de-gobierno\/marta-cuervo-zapatel\/\"]}]},{\"@type\":\"BreadcrumbList\",\"@id\":\"https:\/\/www.academianutricionydietetica.org\/pro\/la-academia\/organos-de-gobierno\/marta-cuervo-zapatel\/#breadcrumb\",\"itemListElement\":[{\"@type\":\"ListItem\",\"position\":1,\"name\":\"Inicio\",\"item\":\"https:\/\/www.academianutricionydietetica.org\/pro\/\"},{\"@type\":\"ListItem\",\"position\":2,\"name\":\"La academia\",\"item\":\"https:\/\/www.academianutricionydietetica.org\/pro\/la-academia\/\"},{\"@type\":\"ListItem\",\"position\":3,\"name\":\"\u00d3rganos de Gobierno\",\"item\":\"https:\/\/www.academianutricionydietetica.org\/pro\/la-academia\/organos-de-gobierno\/\"},{\"@type\":\"ListItem\",\"position\":4,\"name\":\"Marta Cuervo Zapatel\"}]},{\"@type\":\"WebSite\",\"@id\":\"https:\/\/www.academianutricionydietetica.org\/pro\/#website\",\"url\":\"https:\/\/www.academianutricionydietetica.org\/pro\/\",\"name\":\"Academia Espa\u00f1ola de Nutrici\u00f3n y Diet\u00e9tica\",\"description\":\"Formaci\u00f3n, noticias, jornadas y eventos\",\"potentialAction\":[{\"@type\":\"SearchAction\",\"target\":{\"@type\":\"EntryPoint\",\"urlTemplate\":\"https:\/\/www.academianutricionydietetica.org\/pro\/?s={search_term_string}\"},\"query-input\":{\"@type\":\"PropertyValueSpecification\",\"valueRequired\":true,\"valueName\":\"search_term_string\"}}],\"inLanguage\":\"es\"}]}<\/script>\n<!-- \/ Yoast SEO plugin. -->","yoast_head_json":{"title":"Marta Cuervo Zapatel - Academia Espa\u00f1ola de Nutrici\u00f3n y Diet\u00e9tica","robots":{"index":"index","follow":"follow","max-snippet":"max-snippet:-1","max-image-preview":"max-image-preview:large","max-video-preview":"max-video-preview:-1"},"canonical":"https:\/\/www.academianutricionydietetica.org\/pro\/la-academia\/organos-de-gobierno\/marta-cuervo-zapatel\/","og_locale":"es_ES","og_type":"article","og_title":"Marta Cuervo Zapatel - Academia Espa\u00f1ola de Nutrici\u00f3n y Diet\u00e9tica","og_description":"[vc_row dfd_row_responsive_enable=\u00bbdfd-row-responsive-enable\u00bb responsive_styles=\u00bbpadding_left_mobile:20|padding_right_mobile:20&#8243;][vc_column][\/vc_column][\/vc_row]","og_url":"https:\/\/www.academianutricionydietetica.org\/pro\/la-academia\/organos-de-gobierno\/marta-cuervo-zapatel\/","og_site_name":"Academia Espa\u00f1ola de Nutrici\u00f3n y Diet\u00e9tica","twitter_card":"summary_large_image","twitter_misc":{"Tiempo de lectura":"2 minutos"},"schema":{"@context":"https:\/\/schema.org","@graph":[{"@type":"WebPage","@id":"https:\/\/www.academianutricionydietetica.org\/pro\/la-academia\/organos-de-gobierno\/marta-cuervo-zapatel\/","url":"https:\/\/www.academianutricionydietetica.org\/pro\/la-academia\/organos-de-gobierno\/marta-cuervo-zapatel\/","name":"Marta Cuervo Zapatel - Academia Espa\u00f1ola de Nutrici\u00f3n y Diet\u00e9tica","isPartOf":{"@id":"https:\/\/www.academianutricionydietetica.org\/pro\/#website"},"datePublished":"2023-11-21T15:40:17+00:00","breadcrumb":{"@id":"https:\/\/www.academianutricionydietetica.org\/pro\/la-academia\/organos-de-gobierno\/marta-cuervo-zapatel\/#breadcrumb"},"inLanguage":"es","potentialAction":[{"@type":"ReadAction","target":["https:\/\/www.academianutricionydietetica.org\/pro\/la-academia\/organos-de-gobierno\/marta-cuervo-zapatel\/"]}]},{"@type":"BreadcrumbList","@id":"https:\/\/www.academianutricionydietetica.org\/pro\/la-academia\/organos-de-gobierno\/marta-cuervo-zapatel\/#breadcrumb","itemListElement":[{"@type":"ListItem","position":1,"name":"Inicio","item":"https:\/\/www.academianutricionydietetica.org\/pro\/"},{"@type":"ListItem","position":2,"name":"La academia","item":"https:\/\/www.academianutricionydietetica.org\/pro\/la-academia\/"},{"@type":"ListItem","position":3,"name":"\u00d3rganos de Gobierno","item":"https:\/\/www.academianutricionydietetica.org\/pro\/la-academia\/organos-de-gobierno\/"},{"@type":"ListItem","position":4,"name":"Marta Cuervo Zapatel"}]},{"@type":"WebSite","@id":"https:\/\/www.academianutricionydietetica.org\/pro\/#website","url":"https:\/\/www.academianutricionydietetica.org\/pro\/","name":"Academia Espa\u00f1ola de Nutrici\u00f3n y Diet\u00e9tica","description":"Formaci\u00f3n, noticias, jornadas y eventos","potentialAction":[{"@type":"SearchAction","target":{"@type":"EntryPoint","urlTemplate":"https:\/\/www.academianutricionydietetica.org\/pro\/?s={search_term_string}"},"query-input":{"@type":"PropertyValueSpecification","valueRequired":true,"valueName":"search_term_string"}}],"inLanguage":"es"}]}},"_links":{"self":[{"href":"https:\/\/www.academianutricionydietetica.org\/pro\/wp-json\/wp\/v2\/pages\/21877","targetHints":{"allow":["GET"]}}],"collection":[{"href":"https:\/\/www.academianutricionydietetica.org\/pro\/wp-json\/wp\/v2\/pages"}],"about":[{"href":"https:\/\/www.academianutricionydietetica.org\/pro\/wp-json\/wp\/v2\/types\/page"}],"author":[{"embeddable":true,"href":"https:\/\/www.academianutricionydietetica.org\/pro\/wp-json\/wp\/v2\/users\/4"}],"replies":[{"embeddable":true,"href":"https:\/\/www.academianutricionydietetica.org\/pro\/wp-json\/wp\/v2\/comments?post=21877"}],"version-history":[{"count":1,"href":"https:\/\/www.academianutricionydietetica.org\/pro\/wp-json\/wp\/v2\/pages\/21877\/revisions"}],"predecessor-version":[{"id":21878,"href":"https:\/\/www.academianutricionydietetica.org\/pro\/wp-json\/wp\/v2\/pages\/21877\/revisions\/21878"}],"up":[{"embeddable":true,"href":"https:\/\/www.academianutricionydietetica.org\/pro\/wp-json\/wp\/v2\/pages\/16188"}],"wp:attachment":[{"href":"https:\/\/www.academianutricionydietetica.org\/pro\/wp-json\/wp\/v2\/media?parent=21877"}],"curies":[{"name":"wp","href":"https:\/\/api.w.org\/{rel}","templated":true}]}}