{"id":23703,"date":"2025-05-05T11:14:54","date_gmt":"2025-05-05T11:14:54","guid":{"rendered":"https:\/\/www.academianutricionydietetica.org\/pro\/?page_id=23703"},"modified":"2025-05-20T09:56:56","modified_gmt":"2025-05-20T09:56:56","slug":"cristina-julian","status":"publish","type":"page","link":"https:\/\/www.academianutricionydietetica.org\/pro\/la-academia\/equipo-y-colaboradores\/cristina-julian\/","title":{"rendered":"Cristina Juli\u00e1n"},"content":{"rendered":"<p>[vc_row dfd_row_responsive_enable=\u00bbdfd-row-responsive-enable\u00bb responsive_styles=\u00bbpadding_left_mobile:20|padding_right_mobile:20&#8243;][vc_column]<div class=\"dfd-spacer-module\"  data-units=\"px\" data-wide_resolution=\"1280\" data-wide_size=\"80\" data-normal_resolution=\"1024\" data-normal_size=\"60\" data-tablet_resolution=\"800\" data-tablet_size=\"40\" data-mobile_resolution=\"480\" data-mobile_size=\"40\" style=\"height: 80px;\"><\/div><div class=\"dfd-info-banner style-05 responsive-team-members text-center\" ><div class=\"image-cover \"><img loading=\"lazy\" decoding=\"async\" src=\"https:\/\/www.academianutricionydietetica.org\/pro\/uploads\/2025\/05\/Cristina-Julian-150x150.jpg\" alt=\"Image\"  width=\"150\" height=\"150\" class=\"info-banner-image \" \/><\/div><div class=\"content-wrap\"><h2 class=\"info-box-title \" style=\"font-size: 22px; line-height: 26.4px; letter-spacing: 1px; \">Cristina Juli\u00e1n<\/h2><h3 class=\"info-box-subtitle widget-sub-title \" style=\"\">Comit\u00e9 Cient\u00edfico<\/h3><div class=\"wrap-delimiter\"><div class=\"delimiter\" ><\/div><\/div><div class=\"description\" style=\"\">Cristina Juli\u00e1n es dietista-nutricionista y Doctora en Epidemiolog\u00eda Cl\u00ednica por la Universidad de Zaragoza, donde recibi\u00f3 el Premio Extraordinario de Tesis Doctoral. Su formaci\u00f3n acad\u00e9mica incluye tambi\u00e9n una Licenciatura en Ciencias de la Actividad F\u00edsica y del Deporte y un M\u00e1ster en Salud P\u00fablica.<\/p>\n<p>Actualmente, Cristina trabaja en Nueva York, Estados Unidos, como parte de la empresa de biotecnolog\u00eda Viome, dedicada al estudio de la microbiota oral e intestinal para desarrollar pruebas de detecci\u00f3n precoz, herramientas de diagn\u00f3stico y terapias innovadoras. En su rol, forma parte del equipo de Nutrici\u00f3n Cl\u00ednica, donde dise\u00f1a recomendaciones y suplementos personalizados basados en la expresi\u00f3n gen\u00e9tica del hu\u00e9sped y del microbioma. Adem\u00e1s, lidera el grupo de Investigaci\u00f3n Biom\u00e9dica, que desarrolla estudios cl\u00ednicos en colaboraci\u00f3n con hospitales, institutos de investigaci\u00f3n, universidades y empresas a nivel global.<\/p>\n<p>Anteriormente, Cristina ha trabajado en instituciones de prestigio internacional como la Universidad de Cambridge en el Reino Unido y la Agencia Internacional para la Investigaci\u00f3n sobre el C\u00e1ncer, afiliada a la Organizaci\u00f3n Mundial de la Salud, en Francia. Tambi\u00e9n ha desempe\u00f1ado roles docentes en la Universidad de Zaragoza y la Universidad Isabel I. Antes de su etapa en Nueva York, trabaj\u00f3 en San Francisco como investigadora en la compa\u00f1\u00eda farmac\u00e9utica Roche, donde contribuy\u00f3 a estudios cl\u00ednicos destinados a la aprobaci\u00f3n de terapias contra el c\u00e1ncer por parte de la Agencia Europea del Medicamento y la FDA.<\/p>\n<p>Sus principales l\u00edneas de investigaci\u00f3n abarcan la microbiota oral e intestinal, m\u00e9todos de evaluaci\u00f3n de la dieta, trastornos metab\u00f3licos y c\u00e1ncer. Cristina es autora de m\u00e1s de 40 art\u00edculos cient\u00edficos y ha participado en m\u00faltiples congresos nacionales e internacionales. Asimismo, es miembro de la European Nutrition Leadership Platform, comprometida con la formaci\u00f3n de futuros l\u00edderes en nutrici\u00f3n.<\/p>\n<p>Explora su producci\u00f3n cient\u00edfica en <a href=\"https:\/\/www.webofscience.com\/wos\/author\/record\/GFC-6265-2022\" target=\"_blank\" rel=\"noopener\">Web of Science<\/a> y conecta con ella a trav\u00e9s de <a href=\"https:\/\/www.researchgate.net\/profile\/Cristina-Julian\" target=\"_blank\" rel=\"noopener\">ResearchGate<\/a>.<br \/>\n<\/div><div class=\"dfd-module-readmore\"><a href=\"#\" target=\"_blank\" rel=\"nofollow\" class=\"read-more-01\"><\/a><\/div><\/div><\/div><div class=\"dfd-spacer-module\"  data-units=\"px\" data-wide_resolution=\"1280\" data-wide_size=\"80\" data-normal_resolution=\"1024\" data-normal_size=\"60\" data-tablet_resolution=\"800\" data-tablet_size=\"40\" data-mobile_resolution=\"480\" data-mobile_size=\"40\" style=\"height: 80px;\"><\/div>[\/vc_column][\/vc_row]<\/p>\n","protected":false},"excerpt":{"rendered":"<p>[vc_row dfd_row_responsive_enable=\u00bbdfd-row-responsive-enable\u00bb responsive_styles=\u00bbpadding_left_mobile:20|padding_right_mobile:20&#8243;][vc_column][\/vc_column][\/vc_row]<\/p>\n","protected":false},"author":4,"featured_media":0,"parent":18871,"menu_order":0,"comment_status":"closed","ping_status":"closed","template":"page-custom-with-header.php","meta":{"_acf_changed":false,"_monsterinsights_skip_tracking":false,"_monsterinsights_sitenote_active":false,"_monsterinsights_sitenote_note":"","_monsterinsights_sitenote_category":0,"footnotes":""},"class_list":["post-23703","page","type-page","status-publish","hentry"],"acf":[],"yoast_head":"<!-- This site is optimized with the Yoast SEO plugin v26.7 - https:\/\/yoast.com\/wordpress\/plugins\/seo\/ -->\n<title>Cristina Juli\u00e1n - Academia Espa\u00f1ola de Nutrici\u00f3n y Diet\u00e9tica<\/title>\n<meta name=\"robots\" content=\"index, follow, max-snippet:-1, max-image-preview:large, max-video-preview:-1\" \/>\n<link rel=\"canonical\" href=\"https:\/\/www.academianutricionydietetica.org\/pro\/la-academia\/equipo-y-colaboradores\/cristina-julian\/\" \/>\n<meta property=\"og:locale\" content=\"es_ES\" \/>\n<meta property=\"og:type\" content=\"article\" \/>\n<meta property=\"og:title\" content=\"Cristina Juli\u00e1n - Academia Espa\u00f1ola de Nutrici\u00f3n y Diet\u00e9tica\" \/>\n<meta property=\"og:description\" content=\"[vc_row dfd_row_responsive_enable=\u00bbdfd-row-responsive-enable\u00bb responsive_styles=\u00bbpadding_left_mobile:20|padding_right_mobile:20&#8243;][vc_column][\/vc_column][\/vc_row]\" \/>\n<meta property=\"og:url\" content=\"https:\/\/www.academianutricionydietetica.org\/pro\/la-academia\/equipo-y-colaboradores\/cristina-julian\/\" \/>\n<meta property=\"og:site_name\" content=\"Academia Espa\u00f1ola de Nutrici\u00f3n y Diet\u00e9tica\" \/>\n<meta property=\"article:modified_time\" content=\"2025-05-20T09:56:56+00:00\" \/>\n<meta name=\"twitter:card\" content=\"summary_large_image\" \/>\n<meta name=\"twitter:label1\" content=\"Tiempo de lectura\" \/>\n\t<meta name=\"twitter:data1\" content=\"2 minutos\" \/>\n<script type=\"application\/ld+json\" class=\"yoast-schema-graph\">{\"@context\":\"https:\/\/schema.org\",\"@graph\":[{\"@type\":\"WebPage\",\"@id\":\"https:\/\/www.academianutricionydietetica.org\/pro\/la-academia\/equipo-y-colaboradores\/cristina-julian\/\",\"url\":\"https:\/\/www.academianutricionydietetica.org\/pro\/la-academia\/equipo-y-colaboradores\/cristina-julian\/\",\"name\":\"Cristina Juli\u00e1n - Academia Espa\u00f1ola de Nutrici\u00f3n y Diet\u00e9tica\",\"isPartOf\":{\"@id\":\"https:\/\/www.academianutricionydietetica.org\/pro\/#website\"},\"datePublished\":\"2025-05-05T11:14:54+00:00\",\"dateModified\":\"2025-05-20T09:56:56+00:00\",\"breadcrumb\":{\"@id\":\"https:\/\/www.academianutricionydietetica.org\/pro\/la-academia\/equipo-y-colaboradores\/cristina-julian\/#breadcrumb\"},\"inLanguage\":\"es\",\"potentialAction\":[{\"@type\":\"ReadAction\",\"target\":[\"https:\/\/www.academianutricionydietetica.org\/pro\/la-academia\/equipo-y-colaboradores\/cristina-julian\/\"]}]},{\"@type\":\"BreadcrumbList\",\"@id\":\"https:\/\/www.academianutricionydietetica.org\/pro\/la-academia\/equipo-y-colaboradores\/cristina-julian\/#breadcrumb\",\"itemListElement\":[{\"@type\":\"ListItem\",\"position\":1,\"name\":\"Inicio\",\"item\":\"https:\/\/www.academianutricionydietetica.org\/pro\/\"},{\"@type\":\"ListItem\",\"position\":2,\"name\":\"La academia\",\"item\":\"https:\/\/www.academianutricionydietetica.org\/pro\/la-academia\/\"},{\"@type\":\"ListItem\",\"position\":3,\"name\":\"Equipo y colaboradores\",\"item\":\"https:\/\/www.academianutricionydietetica.org\/pro\/la-academia\/equipo-y-colaboradores\/\"},{\"@type\":\"ListItem\",\"position\":4,\"name\":\"Cristina Juli\u00e1n\"}]},{\"@type\":\"WebSite\",\"@id\":\"https:\/\/www.academianutricionydietetica.org\/pro\/#website\",\"url\":\"https:\/\/www.academianutricionydietetica.org\/pro\/\",\"name\":\"Academia Espa\u00f1ola de Nutrici\u00f3n y Diet\u00e9tica\",\"description\":\"Formaci\u00f3n, noticias, jornadas y eventos\",\"potentialAction\":[{\"@type\":\"SearchAction\",\"target\":{\"@type\":\"EntryPoint\",\"urlTemplate\":\"https:\/\/www.academianutricionydietetica.org\/pro\/?s={search_term_string}\"},\"query-input\":{\"@type\":\"PropertyValueSpecification\",\"valueRequired\":true,\"valueName\":\"search_term_string\"}}],\"inLanguage\":\"es\"}]}<\/script>\n<!-- \/ Yoast SEO plugin. -->","yoast_head_json":{"title":"Cristina Juli\u00e1n - Academia Espa\u00f1ola de Nutrici\u00f3n y Diet\u00e9tica","robots":{"index":"index","follow":"follow","max-snippet":"max-snippet:-1","max-image-preview":"max-image-preview:large","max-video-preview":"max-video-preview:-1"},"canonical":"https:\/\/www.academianutricionydietetica.org\/pro\/la-academia\/equipo-y-colaboradores\/cristina-julian\/","og_locale":"es_ES","og_type":"article","og_title":"Cristina Juli\u00e1n - Academia Espa\u00f1ola de Nutrici\u00f3n y Diet\u00e9tica","og_description":"[vc_row dfd_row_responsive_enable=\u00bbdfd-row-responsive-enable\u00bb responsive_styles=\u00bbpadding_left_mobile:20|padding_right_mobile:20&#8243;][vc_column][\/vc_column][\/vc_row]","og_url":"https:\/\/www.academianutricionydietetica.org\/pro\/la-academia\/equipo-y-colaboradores\/cristina-julian\/","og_site_name":"Academia Espa\u00f1ola de Nutrici\u00f3n y Diet\u00e9tica","article_modified_time":"2025-05-20T09:56:56+00:00","twitter_card":"summary_large_image","twitter_misc":{"Tiempo de lectura":"2 minutos"},"schema":{"@context":"https:\/\/schema.org","@graph":[{"@type":"WebPage","@id":"https:\/\/www.academianutricionydietetica.org\/pro\/la-academia\/equipo-y-colaboradores\/cristina-julian\/","url":"https:\/\/www.academianutricionydietetica.org\/pro\/la-academia\/equipo-y-colaboradores\/cristina-julian\/","name":"Cristina Juli\u00e1n - Academia Espa\u00f1ola de Nutrici\u00f3n y Diet\u00e9tica","isPartOf":{"@id":"https:\/\/www.academianutricionydietetica.org\/pro\/#website"},"datePublished":"2025-05-05T11:14:54+00:00","dateModified":"2025-05-20T09:56:56+00:00","breadcrumb":{"@id":"https:\/\/www.academianutricionydietetica.org\/pro\/la-academia\/equipo-y-colaboradores\/cristina-julian\/#breadcrumb"},"inLanguage":"es","potentialAction":[{"@type":"ReadAction","target":["https:\/\/www.academianutricionydietetica.org\/pro\/la-academia\/equipo-y-colaboradores\/cristina-julian\/"]}]},{"@type":"BreadcrumbList","@id":"https:\/\/www.academianutricionydietetica.org\/pro\/la-academia\/equipo-y-colaboradores\/cristina-julian\/#breadcrumb","itemListElement":[{"@type":"ListItem","position":1,"name":"Inicio","item":"https:\/\/www.academianutricionydietetica.org\/pro\/"},{"@type":"ListItem","position":2,"name":"La academia","item":"https:\/\/www.academianutricionydietetica.org\/pro\/la-academia\/"},{"@type":"ListItem","position":3,"name":"Equipo y colaboradores","item":"https:\/\/www.academianutricionydietetica.org\/pro\/la-academia\/equipo-y-colaboradores\/"},{"@type":"ListItem","position":4,"name":"Cristina Juli\u00e1n"}]},{"@type":"WebSite","@id":"https:\/\/www.academianutricionydietetica.org\/pro\/#website","url":"https:\/\/www.academianutricionydietetica.org\/pro\/","name":"Academia Espa\u00f1ola de Nutrici\u00f3n y Diet\u00e9tica","description":"Formaci\u00f3n, noticias, jornadas y eventos","potentialAction":[{"@type":"SearchAction","target":{"@type":"EntryPoint","urlTemplate":"https:\/\/www.academianutricionydietetica.org\/pro\/?s={search_term_string}"},"query-input":{"@type":"PropertyValueSpecification","valueRequired":true,"valueName":"search_term_string"}}],"inLanguage":"es"}]}},"_links":{"self":[{"href":"https:\/\/www.academianutricionydietetica.org\/pro\/wp-json\/wp\/v2\/pages\/23703","targetHints":{"allow":["GET"]}}],"collection":[{"href":"https:\/\/www.academianutricionydietetica.org\/pro\/wp-json\/wp\/v2\/pages"}],"about":[{"href":"https:\/\/www.academianutricionydietetica.org\/pro\/wp-json\/wp\/v2\/types\/page"}],"author":[{"embeddable":true,"href":"https:\/\/www.academianutricionydietetica.org\/pro\/wp-json\/wp\/v2\/users\/4"}],"replies":[{"embeddable":true,"href":"https:\/\/www.academianutricionydietetica.org\/pro\/wp-json\/wp\/v2\/comments?post=23703"}],"version-history":[{"count":4,"href":"https:\/\/www.academianutricionydietetica.org\/pro\/wp-json\/wp\/v2\/pages\/23703\/revisions"}],"predecessor-version":[{"id":23780,"href":"https:\/\/www.academianutricionydietetica.org\/pro\/wp-json\/wp\/v2\/pages\/23703\/revisions\/23780"}],"up":[{"embeddable":true,"href":"https:\/\/www.academianutricionydietetica.org\/pro\/wp-json\/wp\/v2\/pages\/18871"}],"wp:attachment":[{"href":"https:\/\/www.academianutricionydietetica.org\/pro\/wp-json\/wp\/v2\/media?parent=23703"}],"curies":[{"name":"wp","href":"https:\/\/api.w.org\/{rel}","templated":true}]}}